{"id":188,"date":"2026-03-25T10:27:30","date_gmt":"2026-03-25T09:27:30","guid":{"rendered":"https:\/\/privacyriskcalculator.dannynetwork.duckdns.org\/cookie-policy\/"},"modified":"2026-03-25T10:28:04","modified_gmt":"2026-03-25T09:28:04","slug":"cookie-policy","status":"publish","type":"page","link":"https:\/\/www.privacyriskcalculator.com\/de\/cookie-policy\/","title":{"rendered":"Cookie Policy"},"content":{"rendered":"<!--googleoff: all-->\n<p><strong>Hinweis zur Verwendung von Cookies und \u00e4hnlichen Tracking\u2011Technologien<\/strong><br>\n<span class=\"map_last_policy_revision_date\">Letzte \u00dcberarbeitung: 31 M\u00e4rz 2026<\/span><\/p>\n\n\n<p><strong>1. Einleitung und rechtliche Hinweise<\/strong><br>\nDieser Hinweis erl\u00e4utert die wichtigsten Informationen zur Verarbeitung personenbezogener Daten und zur Nutzung von Cookies auf dieser Website.<br>\nEr richtet sich an alle, die diese Website aufrufen oder nutzen, und beschreibt, wie personenbezogene Daten der Nutzer mittels Cookies und \u00e4hnlicher Technologien erhoben, verwendet und gesch\u00fctzt werden, sowie die gesetzlich gew\u00e4hrten Rechte.<br>\nDiese Bestimmungen gelten nicht f\u00fcr andere Websites, Seiten oder Online\u2011Dienste, die \u00fcber externe Links von dieser Website aus erreichbar sind; bitte beachten Sie die jeweiligen Datenschutzhinweise.<br>\nDieser Hinweis erfolgt in \u00dcbereinstimmung mit den wichtigsten nationalen und internationalen Datenschutzvorschriften, darunter:\n<\/p>\n<ul>\n<li class=\"map_gdpr_text\">Verordnung (EU) 2016\/679 (DSGVO)<\/li>\n<li class=\"map_gdpr_gb_text\">UK General Data Protection Regulation (UK GDPR) und Data Protection Act (UK)<\/li>\n<li class=\"map_lpd_text\">Schweizer Bundesgesetz \u00fcber den Datenschutz (nDSG \/ DSG)<\/li>\n<li class=\"map_pipeda_text\">Kanadisches Gesetz \u00fcber den Schutz personenbezogener Daten und elektronische Dokumente (PIPEDA)<\/li>\n<li class=\"map_lgpd_text\">Brasilianisches Allgemeines Datenschutzgesetz (LGPD)<\/li>\n\n\n\n\n\n\n\n\n\n\n\n\n\n\n\n\n\n\n\n\n<li>Weitere gegebenenfalls anwendbare Vorschriften.<\/li>\n<\/ul>\n\n\n<p><strong>2. Wer verarbeitet Ihre Daten und wie k\u00f6nnen Sie uns kontaktieren?<\/strong><br>\nIhre personenbezogenen Daten werden verarbeitet von:<br>\n<span class=\"map_identity_name\">Formula Agile SRL<br><\/span>\n<span class=\"map_identity_address\">Via Tre Settembre, 99 - 47891 Dogana - San Marino - RSM<br><\/span>\n<span class=\"map_identity_email\">privacy@formula-agile.com<br><\/span>\n<span class=\"map_identity_vat_id\">VAT ID: SM31366<\/span><\/p>\n\n\n\n<p class=\"map_dpo_text_unset\">F\u00fcr Ausk\u00fcnfte zur Verarbeitung personenbezogener Daten oder zur Aus\u00fcbung Ihrer Rechte k\u00f6nnen sich Betroffene an den Verantwortlichen wenden.<\/p>\n\n\n<p><strong>3. Welche Daten erheben wir, wenn Sie die Website besuchen?<\/strong><br>\nW\u00e4hrend Sie diese Website besuchen, k\u00f6nnen wir \u00fcber Cookies, \u00e4hnliche Tools und Tracking-Technologien bestimmte Informationen erfassen. Die wichtigsten Arten von Daten, die aufgezeichnet werden k\u00f6nnen, umfassen:<\/p>\n<ul>\n<li><strong>Technische und Navigationsinformationen:<\/strong> IP\u2011Adresse, Kennungen des verwendeten Ger\u00e4ts, Informationen zum Browser und Betriebssystem, Datum und Uhrzeit der Zugriffe, besuchte Seiten, technische Befehle zur korrekten Anzeige von Inhalten, Systemfehler.<\/li>\n<li><strong>Nutzerpr\u00e4ferenzen:<\/strong> Entscheidungen zu Cookies und Datenschutzeinstellungen, erhoben \u00fcber Panels, Banner oder \u00e4hnliche Tools.<\/li>\n<li><strong>Aggregierte und anonyme Statistiken:<\/strong> Informationen zur Bewertung und Verbesserung der Funktionsweise der Website, z. B. Besuchsh\u00e4ufigkeit oder meist besuchte Bereiche.<\/li>\n<li><strong>Interaktionen mit externen Diensten oder sozialen Netzwerken:<\/strong> technische Daten, die beim Interagieren mit Social\u2011Plugins, externen Diensten oder Drittanbieter\u2011Tools, die in die Website integriert sind, geteilt werden \u2013 stets gem\u00e4\u00df den Regeln der jeweiligen Anbieter.<\/li>\n<\/ul>\n<p>\nDetails zur Verarbeitung von Daten, die \u00fcber Kontaktformulare, Serviceanfragen oder andere Funktionen \u00fcbermittelt werden, entnehmen Sie bitte unserer Datenschutzerkl\u00e4rung.<\/p>\n\n\n<p><strong>4. Welche Arten von Cookies (und \u00e4hnlichen Tools) gibt es?<\/strong><br>\nUm Ihnen ein besseres Nutzungserlebnis zu bieten, k\u00f6nnen wir verschiedene Kategorien von Cookies und \u00e4hnlichen Technologien einsetzen (Web Beacons, Local Storage und gleichwertige Technologien):\n<\/p>\n<ul>\n<li><strong>Unbedingt erforderliche Cookies:<\/strong> f\u00fcr die technische Funktionsf\u00e4higkeit der Website unerl\u00e4sslich; sie erm\u00f6glichen z. B. den Zugriff auf gesch\u00fctzte Bereiche, die Sitzungsverwaltung oder das Merken unverzichtbarer Pr\u00e4ferenzen.<\/li>\n<li><strong>Cookies f\u00fcr Pr\u00e4ferenzen und Personalisierung:<\/strong> speichern Anzeigeeinstellungen wie Sprache, Schriftgr\u00f6\u00dfe oder Darstellungsmodus, um eine an Ihre Vorlieben angepasste Interaktion zu erm\u00f6glichen.<\/li>\n<li><strong>Analyse\u2011 und Performance\u2011Cookies:<\/strong> helfen uns, die Nutzung der Website besser zu verstehen, indem sie anonymisierte und aggregierte Daten zu Traffic, meistbesuchten Seiten, Besuchsdauer und beliebten Funktionen erheben.<\/li>\n<li><strong>Cookies f\u00fcr werbliche oder Promotion\u2011Zwecke:<\/strong> werden verwendet, um personalisierte Marketinginhalte bereitzustellen und die Wirksamkeit von Werbekampagnen zu messen.<\/li>\n<li><strong>Externe Komponenten und Dienste:<\/strong> bei Interaktionen mit Social\u2011Plugins, Analytics\u2011Tools oder Drittplattformen k\u00f6nnen Cookies oder vergleichbare Systeme installiert werden, die direkt von externen Anbietern verwaltet werden.<\/li>\n<\/ul>\n\n\n<p><strong>5. Wie k\u00f6nnen Sie der Verwendung von Cookies zustimmen oder sie ablehnen?<\/strong><br>\n<strong class=\"map_any_gdpr_like_text\">A. Jurisdiktionen <span class=\"map_gdpr_text\">EU\/<\/span><span class=\"map_gdpr_gb_text\">Vereinigtes K\u00f6nigreich\/<\/span><span class=\"map_lpd_text\">Schweiz\/<\/span><span class=\"map_lgpd_text\">Brasilien\/<\/span> &amp; DSGVO\u2011\u00e4hnliche L\u00e4nder:<\/strong><\/p>\n<ul class=\"map_any_gdpr_like_text\">\n<li>Die Nutzung von nicht unbedingt erforderlichen Cookies und \u00e4hnlichen Technologien erfordert die <strong>vorherige, freiwillige und spezifische Einwilligung<\/strong> des Nutzers, die \u00fcber eine entsprechende Cookie\u2011Banner\u2011L\u00f6sung eingeholt wird.<\/li>\n<li>Der Nutzer kann seine Pr\u00e4ferenzen jederzeit verwalten und \u00e4ndern, eine erteilte Einwilligung widerrufen und die Funktion \u201eCookie\u2011Einstellungen verwalten\u201c aufrufen.<\/li>\n<\/ul>\n<p class=\"map_any_usa_like_text\"><strong>B. <span class=\"map_pipeda_text\">Kanada PIPEDA<\/span> und vergleichbare Regelungen:\n<\/strong><\/p>\n<ul>\n<li>\nDer Nutzer hat das Recht, der Erhebung, dem Verkauf und der Weitergabe personenbezogener Daten an Dritte f\u00fcr Marketing\u2011, verhaltensbezogene Werbe\u2011 und Profiling\u2011Zwecke zu widersprechen (Opt\u2011out).\n<\/li>\n<\/ul>\n<p><strong>C. Operative Details:<\/strong><br>\nBeim ersten Zugriff auf die Website wird ein Banner angezeigt, \u00fcber das Sie Pr\u00e4ferenzen zu Cookies und Tracking\u2011Tools verwalten k\u00f6nnen.<br>\n\u00dcber das Banner kann der Nutzer:\n<\/p>\n<ul>\n<li><strong>Alle Cookies akzeptieren:<\/strong> durch Klick auf die entsprechende Schaltfl\u00e4che werden alle nicht essenziellen Cookies aktiviert.<\/li>\n<li><strong>Einstellungen anpassen:<\/strong> es ist m\u00f6glich, im Detail auszuw\u00e4hlen, welche Cookies zugelassen und welche deaktiviert bleiben.<\/li>\n<li><strong>Optionale Cookies ablehnen:<\/strong> durch Anklicken der Ablehnen\u2011Schaltfl\u00e4che oder Schlie\u00dfen des Banners ohne Einwilligung werden ausschlie\u00dflich die f\u00fcr den Betrieb der Website erforderlichen technischen Cookies aktiviert.<\/li>\n<\/ul>\n<p>\nDie \u00fcber das Banner gew\u00e4hlten Pr\u00e4ferenzen werden 180 Tage lang mittels eines technischen Cookies gespeichert. Beim Zugriff \u00fcber ein anderes Ger\u00e4t oder einen anderen Browser m\u00fcssen die Pr\u00e4ferenzen neu konfiguriert werden.<br>\nDer Nutzer kann die getroffenen Entscheidungen jederzeit \u00fcber die entsprechende Funktion \u00e4ndern, die anhand des Symbols bzw. Links zur Einwilligungsverwaltung erkennbar ist.\n<\/p>\n\n\n<p><strong>6. Auf welcher Rechtsgrundlage verarbeiten wir Daten, die \u00fcber Cookies und \u00e4hnliche Technologien erhoben werden?<\/strong><br>\nDie Verarbeitung der \u00fcber Cookies und Tracking\u2011Tools erhobenen Daten st\u00fctzt sich auf verschiedene Rechtsgrundlagen, die je nach Art des Tools und der anwendbaren Vorschriften variieren:<\/p>\n<ol style=\"list-style-type: lower-alpha;\" type=\"A\">\n<li><strong>Erbringung einer Dienstleistung\/vorvertragliche Ma\u00dfnahmen<\/strong>, die der Nutzer \u00fcber die bereitgestellten Kontaktformulare angefordert hat<\/li>\n<li><strong>Erf\u00fcllung gesetzlicher, regulatorischer oder normativer Pflichten<\/strong><\/li>\n<li class=\"map_using_newsletter\"><strong>Ausdr\u00fcckliche Einwilligung<\/strong> des Nutzers in kommerzielle Mitteilungen.<\/li>\n<\/ol>\n<p>Eine weitere Rechtsgrundlage, das <strong>berechtigte Interesse des Verantwortlichen<\/strong>, kann f\u00fcr spezifische Zwecke verwendet werden (z. B. Gew\u00e4hrleistung der IT\u2011Sicherheit, Betrugspr\u00e4vention, Wahrung der Rechte des Verantwortlichen vor Gericht).<\/p>\n\n\n<p class=\"map_lgpd_text\"><strong>Zus\u00e4tzliche Rechtsgrundlagen f\u00fcr Brasilien (LGPD)<\/strong>:<br>\nWenn die Verarbeitung in den Anwendungsbereich der LGPD f\u00e4llt, gelten zus\u00e4tzlich die folgenden, in der brasilianischen Gesetzgebung vorgesehenen Rechtsgrundlagen:<\/p>\n<ul class=\"map_lgpd_text\">\n<li><strong>Kreditschutz<\/strong>: Daten k\u00f6nnen zur Verwaltung und zum Schutz von Kredit verarbeitet werden, z. B. zur Bonit\u00e4tspr\u00fcfung, zur Verhinderung finanzieller Betrugsf\u00e4lle oder zur Kreditvergabe.<\/li>\n<li><strong>Umsetzung \u00f6ffentlicher Politiken<\/strong>: In vorgesehenen F\u00e4llen kann die \u00f6ffentliche Verwaltung personenbezogene Daten zur Durchf\u00fchrung von Initiativen verarbeiten, die durch Gesetze, \u00f6ffentliche Programme oder Vereinbarungen festgelegt sind.<\/li>\n<li><strong>Forschung durch Forschungseinrichtungen<\/strong>: Daten k\u00f6nnen von wissenschaftlichen oder statistischen Forschungseinrichtungen, vorzugsweise in anonymisierter Form, zu Forschungs- oder Analysezwecken verwendet werden.<\/li>\n<\/ul>\n<p>Die Ablehnung oder der Widerruf der Einwilligung in die Nutzung bestimmter Cookies kann den Zugang zu einigen personalisierten Funktionen der Website einschr\u00e4nken.<\/p>\n\n\n<p><strong>7. Wie werden Ihre Daten gesch\u00fctzt?<\/strong><br>\nDie \u00fcber diese Website erhobenen personenbezogenen Daten werden \u00fcberwiegend mit elektronischen und digitalen Hilfsmitteln gem\u00e4\u00df den Grunds\u00e4tzen der Rechtm\u00e4\u00dfigkeit, Fairness, Datenminimierung, Integrit\u00e4t und Vertraulichkeit verarbeitet.<\/p>\n<p class=\"map_any_security_measure\">Es werden geeignete technische und organisatorische Ma\u00dfnahmen ergriffen, um unbefugten Zugriff, Verlust, Ver\u00e4nderung oder unbefugte Offenlegung von Daten zu verhindern, darunter:<\/p>\n<ul class=\"map_any_security_measure\">\n<li class=\"map_https\"><strong>Verschl\u00fcsselung der Kommunikation (HTTPS):<\/strong> Die Kommunikation zwischen Ihrem Browser und der Website ist mittels HTTPS\u2011Verschl\u00fcsselung gesch\u00fctzt, wodurch das Abfangen oder Manipulieren der w\u00e4hrend des Surfens ausgetauschten Daten verhindert wird;<\/li>\n<li class=\"map_log_control\"><strong>Protokoll\u2011 (Log\u2011) \u00dcberwachung:<\/strong> Das System protokolliert und \u00fcberwacht Zugriffe und Aktivit\u00e4ten, um verd\u00e4chtige oder unbefugte Versuche zu erkennen und die Datensicherheit zu gew\u00e4hrleisten;<\/li>\n<li class=\"map_backup\"><strong>Regelm\u00e4\u00dfige Backups:<\/strong> Daten werden regelm\u00e4\u00dfig gesichert und archiviert, um sie vor versehentlichem Verlust oder technischen Vorf\u00e4llen zu sch\u00fctzen;<\/li>\n<li class=\"map_audit\"><strong>Sicherheitsaudits und Pr\u00fcfungen:<\/strong> Regelm\u00e4\u00dfige Sicherheitspr\u00fcfungen und Tests werden durchgef\u00fchrt, um etwaige Schwachstellen der Systeme zu identifizieren und zu beheben;<\/li>\n<li class=\"map_system_access_limited\"><strong>Beschr\u00e4nkung des Zugriffs auf Daten auf ordnungsgem\u00e4\u00df autorisierte Personen:<\/strong> Der Zugriff auf personenbezogene Daten ist ausschlie\u00dflich autorisiertem und geschultem Personal gestattet und erfolgt gem\u00e4\u00df den internen Sicherheitsrichtlinien.<\/li>\n<\/ul>\n\n\n<p><strong>8. Wohin k\u00f6nnen Ihre Daten \u00fcbertragen werden?<\/strong><br>\nDie \u00fcber diese Website erhobenen personenbezogenen Daten k\u00f6nnen \u2014 zu den angegebenen Zwecken \u2014 in die folgenden L\u00e4nder verarbeitet und \u00fcbertragen werden:<br>\n<ul>\n<li>in L\u00e4nder des Europ\u00e4ischen Wirtschaftsraums (EWR), in die Schweiz oder in andere L\u00e4nder, die von den zust\u00e4ndigen Beh\u00f6rden als \u201eangemessen\u201c im Hinblick auf das gesetzlich geforderte Schutzniveau anerkannt sind;\n<\/li>\n\n<\/ul>\n\n\n<p><strong>Aktualisierte Liste &quot;angemessener&quot; L\u00e4nder<\/strong>:<\/p>\n<ul>\n<li><a href=\"https:\/\/ec.europa.eu\/info\/law\/law-topic\/data-protection\/international-dimension-data-protection\/adequacy-decisions_en\" target=\"_blank\" rel=\"noopener\">EU<\/a><\/li>\n<li><a href=\"https:\/\/www.edoeb.admin.ch\/en\/adequacy\" target=\"_blank\" rel=\"noopener\">Schweiz<\/a><\/li>\n<\/ul>\n\n\n<p><strong>9. Wer kann Ihre Daten erhalten?<\/strong><br>\nZugriff auf die \u00fcber Cookies, Tracking\u2011Tools und \u00e4hnliche Technologien erhobenen personenbezogenen Daten haben:<\/p>\n<ul>\n<li>vom Verantwortlichen ausdr\u00fccklich autorisiertes und speziell geschultes Personal;<\/li>\n<li>Unternehmen oder Berater, die uns technische Unterst\u00fctzung, Sicherheit, Wartung oder Analysedienste bereitstellen und als Auftragsverarbeiter benannt sind;<\/li>\n<li>Anbieter externer Plattformen, Software oder Drittanbieterdienste, jeweils nur im Rahmen der angegebenen Zwecke und einer ggf. erteilten Einwilligung.<\/li>\n<\/ul>\n<p>Die detaillierte und aktualisierte Liste unserer Dienstleister ist auf Anfrage erh\u00e4ltlich.<\/p>\n\n\n<p><strong>10. Detaillierte Liste der Cookies<\/strong><\/p>\n<p><b>My Agile Pixel - Google Analytics<\/b><br><p>Google Analytics ist ein Webanalysedienst, der von Google Ireland Limited (\"Google\") bereitgestellt wird. Google Ireland Limited geh&ouml;rt zu Google LLC USA. Google verwendet die erhobenen personenbezogenen Daten, um die Nutzung dieser Website zu verfolgen und zu analysieren, Berichte &uuml;ber ihre Aktivit&auml;ten zu erstellen und sie mit anderen von Google entwickelten Diensten zu teilen.<\/p>\r\n<p>Um eine bessere Einhaltung der DSGVO in Bezug auf die &Uuml;bermittlung von Daten au&szlig;erhalb der EU zu gew&auml;hrleisten, sollten solche &Uuml;bertragungen nur in anonymer Form erfolgen. Es ist wichtig zu betonen, dass eine einfache Anonymisierung kein ausreichendes Schutzniveau f&uuml;r personenbezogene Daten bietet, die au&szlig;erhalb der EU exportiert werden. Aus diesem Grund k&ouml;nnen die an Google Analytics gesendeten Daten, die somit potenziell au&szlig;erhalb der EU zug&auml;nglich sind, mithilfe eines Proxy-Systems namens <a target=\"blank\" rel=\"nofollow noopener\" href=\"https:\/\/www.myagilepixel.com\/en\/\">My Agile Pixel<\/a> anonymisiert werden. Dieses System kann Ihre personenbezogenen Daten, wie z.B. Ihre IP-Adresse, durch anonyme Informationen ersetzen, die nicht auf Sie zur&uuml;ckgef&uuml;hrt werden k&ouml;nnen. Infolgedessen werden im Falle einer Daten&uuml;bertragung in Nicht-EU-L&auml;nder oder in die Vereinigten Staaten nicht Ihre personenbezogenen Daten &uuml;bertragen, sondern anonyme Daten.<\/p>\r\n<p>Die erhobenen Daten werden zum Zweck der Personalisierung der Erfahrung und der statistischen Verfolgung verwendet. Weitere Informationen finden Sie auf der Seite <a href=\"https:\/\/business.safety.google\/privacy\" target=\"_blank\" rel=\"noopener\">\"Weitere Informationen dar&uuml;ber, wie Google pers&ouml;nliche Informationen verarbeitet\"<\/a>.<\/p><\/p><p><b>Cloudflare Web Analytics<\/b><br><p>Cloudflare Web Analytics ist ein anonymisierter Analyse-Dienst, bereitgestellt von Cloudflare Inc., der dem Eigent&uuml;mer Einblick in die Nutzung dieser Website durch Benutzer verschafft.<\/p><p><a target=\"_blank\" href=\"https:\/\/www.cloudflare.com\/privacypolicy\/\" rel=\"noopener\">Datenschutzerkl\u00e4rung<\/a><\/p><\/p><p><b>Google reCAPTCHA<\/b><br><p>Google reCAPTCHA ist ein SPAM-Schutzdienst, der von Google Ireland Limited bereitgestellt wird.<br>Die Verwendung von reCAPTCHA unterliegt der<span class=\"Apple-converted-space\">&nbsp;<\/span><a href=\"https:\/\/www.google.com\/intl\/de\/policies\/privacy\/\" target=\"_blank\" rel=\"noopener\">Datenschutzerkl&auml;rung<\/a><span class=\"Apple-converted-space\">&nbsp;<\/span>von Google und den<span class=\"Apple-converted-space\">&nbsp;<\/span><a href=\"https:\/\/www.google.com\/intl\/de\/policies\/terms\/\" target=\"_blank\" rel=\"noopener\">Nutzungsbedingungen<\/a>.<\/p><p>Verarbeitungsort: Irland - <a target=\"_blank\" href=\"https:\/\/policies.google.com\/privacy\" rel=\"noopener\">Datenschutzerkl\u00e4rung<\/a><\/p><\/p><p><b>Gravatar<\/b><br><p>Gravatar ist ein von Automattic Inc. bereitgestellter Visualisierungsservice f&uuml;r Bilder, mit dem diese Website entsprechende Inhalte auf ihren Seiten einbinden kann.<\/p><p>Verarbeitungsort: Vereinigte Staaten - <a target=\"_blank\" href=\"https:\/\/automattic.com\/privacy\/\" rel=\"noopener\">Datenschutzerkl\u00e4rung<\/a><\/p><\/p><p><b>My Agile Pixel - Facebook Remarketing<\/b><br><p>Facebook Remarketing ist ein Remarketing- und Verhaltens-Targeting-Dienst, der von Facebook Ireland Ltd. bereitgestellt wird. Dieser Dienst wird verwendet, um die Aktivit&auml;ten dieser Website mit dem Werbenetzwerk von Facebook zu verkn&uuml;pfen.<\/p>\r\n<p>Um eine gr&ouml;&szlig;ere &Uuml;bereinstimmung mit der DSGVO hinsichtlich der &Uuml;bertragung von Daten au&szlig;erhalb der EU sicherzustellen, sollten solche &Uuml;bertragungen nur in anonymer Form durchgef&uuml;hrt werden. Es ist wichtig zu betonen, dass eine einfache Anonymisierung kein ausreichendes Schutzniveau f&uuml;r personenbezogene Daten bietet, die au&szlig;erhalb der EU exportiert werden. Aus diesem Grund k&ouml;nnen die an&nbsp;Meta gesendeten Daten, die somit potenziell au&szlig;erhalb der EU zug&auml;nglich sind, mithilfe eines Proxysystems namens <a target=\"blank\" rel=\"nofollow noopener\" href=\"https:\/\/www.myagilepixel.com\/en\/\">My Agile Pixel<\/a> anonymisiert werden. Dieses System kann Ihre pers&ouml;nlichen Daten, wie Ihre IP-Adresse, durch anonyme Informationen ersetzen, die nicht auf Sie zur&uuml;ckgef&uuml;hrt werden k&ouml;nnen. Infolgedessen werden im Falle einer Daten&uuml;bertragung in Nicht-EU-L&auml;nder oder in die Vereinigten Staaten nicht Ihre pers&ouml;nlichen Daten &uuml;bertragen, sondern anonyme Daten.<\/p><\/p>\n\n\n<p><strong>11. Wie lange bewahren wir die Daten und Ihre Pr\u00e4ferenzen auf?<\/strong><\/p>\n<p>Die \u00fcber das Banner oder die Einwilligungsverwaltung ge\u00e4u\u00dferten Pr\u00e4ferenzen zur Nutzung von Cookies und Tracking\u2011Technologien werden 180 Tage lang gespeichert.<\/p>\n<p>Bez\u00fcglich Aufbewahrung, Dauer und L\u00f6schungsverfahren f\u00fcr andere als die genannten Daten beachten Sie bitte die spezifischen Bestimmungen in der auf dieser Website verf\u00fcgbaren Richtlinie zu personenbezogenen Daten.<\/p>\n\n\n<p><strong>12. Welche Rechte haben Sie in Bezug auf die erhobenen Daten?<\/strong><br>\nDer Nutzer hat gem\u00e4\u00df der geltenden Rechtslage das Recht:<\/p>\n<ul>\n<li>Berichtigung, Aktualisierung oder L\u00f6schung unrichtiger oder nicht mehr erforderlicher Daten zu verlangen (Recht auf Berichtigung und L\u00f6schung).<\/li>\n<li>Best\u00e4tigung dar\u00fcber zu erhalten, ob ihn betreffende personenbezogene Daten verarbeitet werden, und gegebenenfalls Zugang zu diesen Daten und den entsprechenden Informationen zu erhalten (Auskunftsrecht).<\/li>\n<li>Daten\u00fcbertragbarkeit in einem strukturierten und interoperablen Format zu verlangen (sofern technisch machbar).<\/li>\n<li>Die Einschr\u00e4nkung der Verarbeitung zu verlangen oder der Verarbeitung zu widersprechen, auch zu Zwecken der Werbung\/Profilbildung, sofern vorgesehen.<\/li>\n<li class=\"map_any_gdpr_like_text\">Eine erteilte Einwilligung in die Nutzung nicht technischer Cookies und in die Verarbeitung von mittels Tracking\u2011Tools erhobenen Daten zu widerrufen.<\/li>\n<li class=\"map_any_usa_like_text\">Das Opt\u2011out\u2011Recht von \u201eVerkauf\/Weitergabe\u201c personenbezogener Daten auszu\u00fcben, sofern nach US\u2011amerikanischem und kanadischem Recht vorgesehen.<\/li>\n<li>Unregelm\u00e4\u00dfigkeiten oder Missbrauch den zust\u00e4ndigen Aufsichtsbeh\u00f6rden zu melden.<\/li>\n<\/ul>\n\n\n\n<p>Zur Aus\u00fcbung dieser Rechte gen\u00fcgt eine Anfrage an die Kontaktdaten des Verantwortlichen. Die Antwort erfolgt innerhalb der in den jeweils anwendbaren lokalen Vorschriften vorgesehenen Fristen.<\/p>\n\n\n<p><strong>Cookies l\u00f6schen<\/strong><\/p>\n<p>\n  Jeder Browser stellt unterschiedliche Verfahren zur Verf\u00fcgung, um die Verwendung von Cookies zu verhindern oder sie zu entfernen.\n  In den Einstellungen Ihres Browsers k\u00f6nnen Sie diese blockieren und\/oder l\u00f6schen.\n  Nachfolgend finden Sie Links zu den offiziellen Anleitungen der wichtigsten Browser zur Verwaltung und L\u00f6schung von Cookies:\n<\/p>\n<ul>\n  <li><a href=\"https:\/\/support.google.com\/accounts\/answer\/32050\" target=\"_blank\" rel=\"noopener\">Anleitung f\u00fcr Google Chrome<\/a><\/li>\n  <li><a href=\"https:\/\/support.apple.com\/en-in\/guide\/safari\/sfri11471\/mac\" target=\"_blank\" rel=\"noopener\">Anleitung f\u00fcr Safari<\/a><\/li>\n  <li><a href=\"https:\/\/support.mozilla.org\/en-US\/kb\/clear-cookies-and-site-data-firefox?redirectslug=delete-cookies-remove-info-websites-stored&amp;redirectlocale=en-US\" target=\"_blank\" rel=\"noopener\">Anleitung f\u00fcr Mozilla Firefox<\/a><\/li>\n  <li><a href=\"https:\/\/support.microsoft.com\/en-us\/topic\/how-to-delete-cookie-files-in-internet-explorer-bca9446f-d873-78de-77ba-d42645fa52fc\" target=\"_blank\" rel=\"noopener\">Anleitung f\u00fcr Internet Explorer<\/a><\/li>\n<\/ul>\n<p>\n  Wenn Sie einen anderen als die genannten Browser verwenden, konsultieren Sie bitte den Supportbereich der offiziellen Website\n  des jeweiligen Herstellers.\n<\/p>\n\n\n<p><strong>Wie informieren wir Sie \u00fcber \u00c4nderungen dieses Hinweises?<\/strong><br>\nDieser Hinweis wird regelm\u00e4\u00dfig aufgrund gesetzlicher \u00c4nderungen oder Anpassungen der \u00fcber die Website angebotenen Dienste \u00fcberpr\u00fcft. Wesentliche \u00c4nderungen werden auf dieser Seite bekannt gegeben.<br>\n<span class=\"map_last_policy_revision_date\">Letzte \u00dcberarbeitung: 31 M\u00e4rz 2026<\/span><\/p>\n\n<!--googleon: all-->\n","protected":false},"excerpt":{"rendered":"","protected":false},"author":1,"featured_media":0,"parent":0,"menu_order":0,"comment_status":"closed","ping_status":"closed","template":"","meta":{"footnotes":""},"class_list":["post-188","page","type-page","status-publish","hentry"],"_links":{"self":[{"href":"https:\/\/www.privacyriskcalculator.com\/de\/wp-json\/wp\/v2\/pages\/188","targetHints":{"allow":["GET"]}}],"collection":[{"href":"https:\/\/www.privacyriskcalculator.com\/de\/wp-json\/wp\/v2\/pages"}],"about":[{"href":"https:\/\/www.privacyriskcalculator.com\/de\/wp-json\/wp\/v2\/types\/page"}],"author":[{"embeddable":true,"href":"https:\/\/www.privacyriskcalculator.com\/de\/wp-json\/wp\/v2\/users\/1"}],"replies":[{"embeddable":true,"href":"https:\/\/www.privacyriskcalculator.com\/de\/wp-json\/wp\/v2\/comments?post=188"}],"version-history":[{"count":1,"href":"https:\/\/www.privacyriskcalculator.com\/de\/wp-json\/wp\/v2\/pages\/188\/revisions"}],"predecessor-version":[{"id":192,"href":"https:\/\/www.privacyriskcalculator.com\/de\/wp-json\/wp\/v2\/pages\/188\/revisions\/192"}],"wp:attachment":[{"href":"https:\/\/www.privacyriskcalculator.com\/de\/wp-json\/wp\/v2\/media?parent=188"}],"curies":[{"name":"wp","href":"https:\/\/api.w.org\/{rel}","templated":true}]}}